{"id":95,"date":"2023-10-08T18:59:50","date_gmt":"2023-10-08T16:59:50","guid":{"rendered":"https:\/\/wooded.fr\/?post_type=product&#038;p=95"},"modified":"2025-11-11T16:10:45","modified_gmt":"2025-11-11T15:10:45","slug":"boucles-oreilles-reine-degypte","status":"publish","type":"product","link":"https:\/\/wooded.fr\/?product=boucles-oreilles-reine-degypte","title":{"rendered":"Boucles d&#8217;oreilles en bois &#8220;African Queen&#8221;"},"content":{"rendered":"<p>Affirmez votre style et c\u00e9l\u00e9brez la beaut\u00e9 et la force avec nos magnifiques <strong>boucles d&#8217;oreilles en bois. <\/strong>Repr\u00e9sentant une silhouette de reine africaine et Inspir\u00e9es par l&#8217;\u00e9l\u00e9gance intemporelle de la culture africaine. Ainsi ces boucles d&#8217;oreilles sont un v\u00e9ritable atout pour toute garde-robe. ajoutant une touche ethnique chic et sophistiqu\u00e9e.<\/p>\n","protected":false},"excerpt":{"rendered":"<p>Inspir\u00e9es par l&#8217;\u00e9l\u00e9gance intemporelle de la culture africaine, ces boucles d&#8217;oreilles en bois sont un v\u00e9ritable atout pour toute garde-robe, ajoutant une touche ethnique chic et sophistiqu\u00e9e.<\/p>\n","protected":false},"featured_media":614,"comment_status":"open","ping_status":"closed","template":"","meta":{"_monsterinsights_skip_tracking":false,"_monsterinsights_sitenote_active":false,"_monsterinsights_sitenote_note":"","_monsterinsights_sitenote_category":0,"jetpack_publicize_message":"","jetpack_publicize_feature_enabled":true,"jetpack_social_post_already_shared":false,"jetpack_social_options":{"image_generator_settings":{"template":"highway","default_image_id":0,"font":"","enabled":false},"version":2}},"product_brand":[],"product_cat":[34],"product_tag":[],"class_list":{"0":"post-95","1":"product","2":"type-product","3":"status-publish","4":"has-post-thumbnail","6":"product_cat-bijoux","7":"product_shipping_class-petits-objets","9":"first","10":"instock","11":"purchasable","12":"product-type-variable"},"aioseo_notices":[],"jetpack_publicize_connections":[],"jetpack-related-posts":[],"jetpack_sharing_enabled":true,"_links":{"self":[{"href":"https:\/\/wooded.fr\/index.php?rest_route=\/wp\/v2\/product\/95","targetHints":{"allow":["GET"]}}],"collection":[{"href":"https:\/\/wooded.fr\/index.php?rest_route=\/wp\/v2\/product"}],"about":[{"href":"https:\/\/wooded.fr\/index.php?rest_route=\/wp\/v2\/types\/product"}],"replies":[{"embeddable":true,"href":"https:\/\/wooded.fr\/index.php?rest_route=%2Fwp%2Fv2%2Fcomments&post=95"}],"wp:featuredmedia":[{"embeddable":true,"href":"https:\/\/wooded.fr\/index.php?rest_route=\/wp\/v2\/media\/614"}],"wp:attachment":[{"href":"https:\/\/wooded.fr\/index.php?rest_route=%2Fwp%2Fv2%2Fmedia&parent=95"}],"wp:term":[{"taxonomy":"product_brand","embeddable":true,"href":"https:\/\/wooded.fr\/index.php?rest_route=%2Fwp%2Fv2%2Fproduct_brand&post=95"},{"taxonomy":"product_cat","embeddable":true,"href":"https:\/\/wooded.fr\/index.php?rest_route=%2Fwp%2Fv2%2Fproduct_cat&post=95"},{"taxonomy":"product_tag","embeddable":true,"href":"https:\/\/wooded.fr\/index.php?rest_route=%2Fwp%2Fv2%2Fproduct_tag&post=95"}],"curies":[{"name":"wp","href":"https:\/\/api.w.org\/{rel}","templated":true}]}}