{"id":504,"date":"2025-08-12T00:44:27","date_gmt":"2025-08-11T22:44:27","guid":{"rendered":"https:\/\/wooded.fr\/?post_type=product&#038;p=504"},"modified":"2025-08-30T20:12:21","modified_gmt":"2025-08-30T18:12:21","slug":"kit-de-geometrie-personnalisable-en-bois","status":"publish","type":"product","link":"https:\/\/wooded.fr\/?product=kit-de-geometrie-personnalisable-en-bois","title":{"rendered":"Kit de g\u00e9om\u00e9trie personnalisable en bois"},"content":{"rendered":"<h2>Un kit de g\u00e9om\u00e9trie \u00e9l\u00e9gant et \u00e9cologique<\/h2>\n<p>D\u00e9couvrez notre kit de g\u00e9om\u00e9trie en bois, une alternative \u00e9cologique et raffin\u00e9e aux traditionnels outils en plastique. Ce set regroupe tous les essentiels pour vos calculs et trac\u00e9s : une r\u00e8gle, un rapporteur, ainsi que deux \u00e9querres. Chaque pi\u00e8ce est soigneusement con\u00e7ue pour allier durabilit\u00e9 et style. Que vous soyez \u00e9tudiant, enseignant ou adepte du dessin technique, ce kit est parfait pour vos besoins au quotidien.<\/p>\n<h2>Personnalisation unique pour un style qui vous ressemble<\/h2>\n<p>Ce kit de g\u00e9om\u00e9trie ne se limite pas \u00e0 sa fonctionnalit\u00e9 exceptionnelle. Faites-en un accessoire vraiment unique en personnalisant chaque outil avec votre nom, pr\u00e9nom ou un message de votre choix. Que ce soit pour offrir un cadeau original ou exprimer votre individualit\u00e9, nos gravures sur bois garantissent une finition pr\u00e9cise et durable. Gr\u00e2ce \u00e0 cette option personnalis\u00e9e, vos outils deviendront une v\u00e9ritable extension de votre personnalit\u00e9.<\/p>\n<h2>Praticit\u00e9 et durabilit\u00e9 au rendez-vous<\/h2>\n<p>En plus d&#8217;\u00eatre esth\u00e9tiquement plaisants, les instruments de ce kit de g\u00e9om\u00e9trie sont con\u00e7us pour durer. Le bois utilis\u00e9 est r\u00e9sistant \u00e0 l&#8217;usure, une qualit\u00e9 qui assure la p\u00e9rennit\u00e9 de votre investissement. Par ailleurs, le mat\u00e9riau naturel offre une prise en main agr\u00e9able et une stabilit\u00e9 lors de l&#8217;utilisation, facilitant vos travaux de calcul et dessin. Ce kit est id\u00e9al tant dans un contexte scolaire que professionnel.<\/p>\n<p>D\u00e9couvrez nos exemples de personnalisation et soumettez nous vos projets via notre page d\u00e9di\u00e9e aux\u00a0 \u00ab\u00a0<a href=\"https:\/\/wooded.fr\/?product_cat=creations-sur-mesure\">Cr\u00e9ations sur-mesure \u00a0\u00bb\u00a0<\/a>.<\/p>\n","protected":false},"excerpt":{"rendered":"<p>Ce set regroupe tous les essentiels pour vos calculs et trac\u00e9s : une r\u00e8gle, un rapporteur, ainsi que deux \u00e9querres. Chaque pi\u00e8ce est soigneusement con\u00e7ue pour allier durabilit\u00e9 et style.<\/p>\n","protected":false},"featured_media":505,"comment_status":"open","ping_status":"closed","template":"","meta":{"_monsterinsights_skip_tracking":false,"_monsterinsights_sitenote_active":false,"_monsterinsights_sitenote_note":"","_monsterinsights_sitenote_category":0,"jetpack_publicize_message":"","jetpack_publicize_feature_enabled":true,"jetpack_social_post_already_shared":true,"jetpack_social_options":{"image_generator_settings":{"template":"highway","default_image_id":0,"font":"","enabled":false},"version":2}},"product_brand":[],"product_cat":[52,50],"product_tag":[53],"class_list":{"0":"post-504","1":"product","2":"type-product","3":"status-publish","4":"has-post-thumbnail","6":"product_cat-bureautique-scolaire","7":"product_cat-idees-cadeaux","8":"product_tag-perso_nom_prenom_texte","9":"product_shipping_class-petits-objets","11":"first","12":"instock","13":"shipping-taxable","14":"purchasable","15":"product-type-simple"},"aioseo_notices":[],"jetpack_publicize_connections":[],"jetpack-related-posts":[],"jetpack_sharing_enabled":true,"_links":{"self":[{"href":"https:\/\/wooded.fr\/index.php?rest_route=\/wp\/v2\/product\/504","targetHints":{"allow":["GET"]}}],"collection":[{"href":"https:\/\/wooded.fr\/index.php?rest_route=\/wp\/v2\/product"}],"about":[{"href":"https:\/\/wooded.fr\/index.php?rest_route=\/wp\/v2\/types\/product"}],"replies":[{"embeddable":true,"href":"https:\/\/wooded.fr\/index.php?rest_route=%2Fwp%2Fv2%2Fcomments&post=504"}],"wp:featuredmedia":[{"embeddable":true,"href":"https:\/\/wooded.fr\/index.php?rest_route=\/wp\/v2\/media\/505"}],"wp:attachment":[{"href":"https:\/\/wooded.fr\/index.php?rest_route=%2Fwp%2Fv2%2Fmedia&parent=504"}],"wp:term":[{"taxonomy":"product_brand","embeddable":true,"href":"https:\/\/wooded.fr\/index.php?rest_route=%2Fwp%2Fv2%2Fproduct_brand&post=504"},{"taxonomy":"product_cat","embeddable":true,"href":"https:\/\/wooded.fr\/index.php?rest_route=%2Fwp%2Fv2%2Fproduct_cat&post=504"},{"taxonomy":"product_tag","embeddable":true,"href":"https:\/\/wooded.fr\/index.php?rest_route=%2Fwp%2Fv2%2Fproduct_tag&post=504"}],"curies":[{"name":"wp","href":"https:\/\/api.w.org\/{rel}","templated":true}]}}