{"id":502,"date":"2025-08-11T23:55:15","date_gmt":"2025-08-11T21:55:15","guid":{"rendered":"https:\/\/wooded.fr\/?post_type=product&#038;p=502"},"modified":"2025-08-19T12:28:13","modified_gmt":"2025-08-19T10:28:13","slug":"rapporteur-en-bois-personnalisable","status":"publish","type":"product","link":"https:\/\/wooded.fr\/?product=rapporteur-en-bois-personnalisable","title":{"rendered":"Rapporteur en bois personnalisable"},"content":{"rendered":"<h2>Un Accessoire Unique et Personnalis\u00e9<\/h2>\n<p>D\u00e9couvrez le rapporteur en bois personnalisable, un outil incontournable pour les amateurs de pr\u00e9cision et d&#8217;esth\u00e9tique. Ce rapporteur se d\u00e9marque non seulement par sa durabilit\u00e9, mais aussi par la possibilit\u00e9 d\u2019y ajouter votre touche personnelle. Ajoutez votre nom, pr\u00e9nom ou tout texte qui vous repr\u00e9sente pour transformer un simple outil de bureau en un accessoire unique et m\u00e9morable.<\/p>\n<h2>Pourquoi Choisir un Rapporteur en Bois ?<\/h2>\n<p>Opter pour un rapporteur en bois, c&#8217;est faire le choix d&#8217;un produit \u00e9coresponsable et durable, qui allie fonctionnalit\u00e9 et style. Contrairement aux mod\u00e8les standards en plastique, ce rapporteur offre une finition naturelle qui s&#8217;int\u00e8gre parfaitement dans un environnement de bureau \u00e9l\u00e9gant ou une routine scolaire. Sa texture lisse permet des angles pr\u00e9cis et ses gravures personnalis\u00e9es ajoutent un charme in\u00e9gal\u00e9.<\/p>\n<h2>Un Cadeau Id\u00e9al et Pratique<\/h2>\n<p>Cherchez-vous un cadeau original et pratique pour un \u00e9tudiant, un professionnel ou m\u00eame un passionn\u00e9 de design ? Ce rapporteur en bois personnalisable est parfait pour toutes les occasions : anniversaires, succ\u00e8s scolaires, ou simplement pour montrer \u00e0 quelqu\u2019un qu\u2019il compte pour vous. Offrir un rapporteur personnalis\u00e9, c&#8217;est offrir un objet \u00e0 la fois utile et sentimental, con\u00e7u pour durer et impressionner.<\/p>\n<p>Commandez d\u00e8s aujourd&#8217;hui votre rapporteur en bois personnalisable et transformez un outil ordinaire en un objet exceptionnel qui vous ressemble. Le bois, associ\u00e9 \u00e0 une personnalisation minutieuse, en fait une pi\u00e8ce artisanale capable de marquer des esprits tout en \u00e9tant fonctionnelle. Donnez vie \u00e0 votre cr\u00e9ativit\u00e9 et ajoutez une note personnelle \u00e0 votre quotidien avec ce produit unique.<\/p>\n<p>D\u00e9couvrez nos exemples de personnalisation et soumettez nous vos projets via notre page d\u00e9di\u00e9e aux\u00a0 \u00ab <a href=\"https:\/\/wooded.fr\/?product_cat=creations-sur-mesure\">Cr\u00e9ations sur-mesure \u00a0\u00bb\u00a0<\/a>.<\/p>\n","protected":false},"excerpt":{"rendered":"<p>Contrairement aux mod\u00e8les standards en plastique, ce rapporteur offre une finition naturelle qui s&#8217;int\u00e8gre parfaitement dans un environnement de bureau \u00e9l\u00e9gant ou une routine scolaire. Sa texture lisse permet des angles pr\u00e9cis et ses gravures personnalis\u00e9es ajoutent un charme in\u00e9gal\u00e9.<\/p>\n","protected":false},"featured_media":503,"comment_status":"open","ping_status":"closed","template":"","meta":{"_monsterinsights_skip_tracking":false,"_monsterinsights_sitenote_active":false,"_monsterinsights_sitenote_note":"","_monsterinsights_sitenote_category":0,"jetpack_publicize_message":"","jetpack_publicize_feature_enabled":true,"jetpack_social_post_already_shared":true,"jetpack_social_options":{"image_generator_settings":{"template":"highway","default_image_id":0,"font":"","enabled":false},"version":2}},"product_brand":[],"product_cat":[52,50],"product_tag":[53],"class_list":{"0":"post-502","1":"product","2":"type-product","3":"status-publish","4":"has-post-thumbnail","6":"product_cat-bureautique-scolaire","7":"product_cat-idees-cadeaux","8":"product_tag-perso_nom_prenom_texte","9":"product_shipping_class-petits-objets","11":"first","12":"instock","13":"shipping-taxable","14":"purchasable","15":"product-type-simple"},"aioseo_notices":[],"jetpack_publicize_connections":[],"jetpack-related-posts":[],"jetpack_sharing_enabled":true,"_links":{"self":[{"href":"https:\/\/wooded.fr\/index.php?rest_route=\/wp\/v2\/product\/502","targetHints":{"allow":["GET"]}}],"collection":[{"href":"https:\/\/wooded.fr\/index.php?rest_route=\/wp\/v2\/product"}],"about":[{"href":"https:\/\/wooded.fr\/index.php?rest_route=\/wp\/v2\/types\/product"}],"replies":[{"embeddable":true,"href":"https:\/\/wooded.fr\/index.php?rest_route=%2Fwp%2Fv2%2Fcomments&post=502"}],"wp:featuredmedia":[{"embeddable":true,"href":"https:\/\/wooded.fr\/index.php?rest_route=\/wp\/v2\/media\/503"}],"wp:attachment":[{"href":"https:\/\/wooded.fr\/index.php?rest_route=%2Fwp%2Fv2%2Fmedia&parent=502"}],"wp:term":[{"taxonomy":"product_brand","embeddable":true,"href":"https:\/\/wooded.fr\/index.php?rest_route=%2Fwp%2Fv2%2Fproduct_brand&post=502"},{"taxonomy":"product_cat","embeddable":true,"href":"https:\/\/wooded.fr\/index.php?rest_route=%2Fwp%2Fv2%2Fproduct_cat&post=502"},{"taxonomy":"product_tag","embeddable":true,"href":"https:\/\/wooded.fr\/index.php?rest_route=%2Fwp%2Fv2%2Fproduct_tag&post=502"}],"curies":[{"name":"wp","href":"https:\/\/api.w.org\/{rel}","templated":true}]}}