{"id":498,"date":"2025-08-08T00:10:34","date_gmt":"2025-08-07T22:10:34","guid":{"rendered":"https:\/\/wooded.fr\/?post_type=product&#038;p=498"},"modified":"2025-08-19T12:29:57","modified_gmt":"2025-08-19T10:29:57","slug":"regle-en-bois-personnalisable","status":"publish","type":"product","link":"https:\/\/wooded.fr\/?product=regle-en-bois-personnalisable","title":{"rendered":"R\u00e8gle en Bois Personnalisable"},"content":{"rendered":"<h2>Un outil pratique et \u00e9l\u00e9gant<\/h2>\n<p>Transformez une simple r\u00e8gle en un accessoire unique avec notre r\u00e8gle en bois personnalisable car elle combine robustesse et style. Que ce soit pour une utilisation \u00e0 l&#8217;\u00e9cole, au bureau ou pour des projets cr\u00e9atifs, elle s&#8217;adapte \u00e0 vos besoins tout en refl\u00e9tant votre personnalit\u00e9 gr\u00e2ce \u00e0 la personnalisation.<\/p>\n<h2>Personnalisation au c\u0153ur du produit<\/h2>\n<p>Ce produit offre une exceptionnelle possibilit\u00e9 de personnalisation : ajoutez votre nom, pr\u00e9nom ou tout autre texte de votre choix, dans la police d&#8217;\u00e9criture et les designs disponibles. Cela en fait une id\u00e9e cadeau parfaite pour \u00e9tudiants, enseignants ou professionnels. Imaginez offrir une r\u00e8gle unique, portant un message sp\u00e9cial ou une d\u00e9dicace qui la rendra m\u00e9morable. Que ce soit pour un usage personnel ou un geste significatif, elle saura plaire \u00e0 tous.<\/p>\n<h2>Qualit\u00e9 et durabilit\u00e9<\/h2>\n<p>La qualit\u00e9 du MDF garantit que votre r\u00e8gle r\u00e9siste \u00e0 l&#8217;usure du quotidien. Ce mat\u00e9riau \u00e9cologique et solide conf\u00e8re \u00e0 la r\u00e8gle une dur\u00e9e de vie prolong\u00e9e. Les inscriptions, r\u00e9alis\u00e9es avec soin, restent nettes et lisibles m\u00eame apr\u00e8s plusieurs ann\u00e9es d\u2019utilisation.<\/p>\n<h2>Pourquoi choisir notre r\u00e8gle personnalisable ?<\/h2>\n<p>En choisissant cette r\u00e8gle, vous ajoutez une touche personnelle \u00e0 un objet standard tout en b\u00e9n\u00e9ficiant d\u2019un produit de qualit\u00e9 sup\u00e9rieure. Cr\u00e9ez quelque chose d\u2019unique qui vous repr\u00e9sente ou faites plaisir \u00e0 vos proches avec un article pratique et styl\u00e9. Avec la possibilit\u00e9 d&#8217;ajouter votre propre texte, c&#8217;est le moment d&#8217;insuffler votre cr\u00e9ativit\u00e9 \u00e0 cette r\u00e8gle indispensable du quotidien.<\/p>\n<p><strong>Vous voulez choisir vos images et votre texte ?<\/strong> Soumettez nous votre projet via notre page d\u00e9di\u00e9e aux\u00a0 &#8220;<a href=\"https:\/\/wooded.fr\/?product_cat=creations-sur-mesure\">Cr\u00e9ations sur-mesure &#8221; <\/a>.<\/p>\n","protected":false},"excerpt":{"rendered":"<p>Une id\u00e9e cadeau parfaite pour \u00e9tudiants, enseignants ou professionnels. Imaginez offrir une r\u00e8gle unique, portant un message sp\u00e9cial ou une d\u00e9dicace qui la rendra m\u00e9morable. Que ce soit pour un usage personnel ou un geste significatif, elle saura plaire \u00e0 tous.<\/p>\n","protected":false},"featured_media":500,"comment_status":"open","ping_status":"closed","template":"","meta":{"_monsterinsights_skip_tracking":false,"_monsterinsights_sitenote_active":false,"_monsterinsights_sitenote_note":"","_monsterinsights_sitenote_category":0,"jetpack_publicize_message":"","jetpack_publicize_feature_enabled":true,"jetpack_social_post_already_shared":true,"jetpack_social_options":{"image_generator_settings":{"template":"highway","default_image_id":0,"font":"","enabled":false},"version":2}},"product_brand":[],"product_cat":[52,50],"product_tag":[53],"class_list":{"0":"post-498","1":"product","2":"type-product","3":"status-publish","4":"has-post-thumbnail","6":"product_cat-bureautique-scolaire","7":"product_cat-idees-cadeaux","8":"product_tag-perso_nom_prenom_texte","9":"product_shipping_class-petits-objets","11":"first","12":"instock","13":"shipping-taxable","14":"purchasable","15":"product-type-simple"},"aioseo_notices":[],"jetpack_publicize_connections":[],"jetpack-related-posts":[],"jetpack_sharing_enabled":true,"_links":{"self":[{"href":"https:\/\/wooded.fr\/index.php?rest_route=\/wp\/v2\/product\/498","targetHints":{"allow":["GET"]}}],"collection":[{"href":"https:\/\/wooded.fr\/index.php?rest_route=\/wp\/v2\/product"}],"about":[{"href":"https:\/\/wooded.fr\/index.php?rest_route=\/wp\/v2\/types\/product"}],"replies":[{"embeddable":true,"href":"https:\/\/wooded.fr\/index.php?rest_route=%2Fwp%2Fv2%2Fcomments&post=498"}],"wp:featuredmedia":[{"embeddable":true,"href":"https:\/\/wooded.fr\/index.php?rest_route=\/wp\/v2\/media\/500"}],"wp:attachment":[{"href":"https:\/\/wooded.fr\/index.php?rest_route=%2Fwp%2Fv2%2Fmedia&parent=498"}],"wp:term":[{"taxonomy":"product_brand","embeddable":true,"href":"https:\/\/wooded.fr\/index.php?rest_route=%2Fwp%2Fv2%2Fproduct_brand&post=498"},{"taxonomy":"product_cat","embeddable":true,"href":"https:\/\/wooded.fr\/index.php?rest_route=%2Fwp%2Fv2%2Fproduct_cat&post=498"},{"taxonomy":"product_tag","embeddable":true,"href":"https:\/\/wooded.fr\/index.php?rest_route=%2Fwp%2Fv2%2Fproduct_tag&post=498"}],"curies":[{"name":"wp","href":"https:\/\/api.w.org\/{rel}","templated":true}]}}