{"id":495,"date":"2025-08-06T23:15:27","date_gmt":"2025-08-06T21:15:27","guid":{"rendered":"https:\/\/wooded.fr\/?post_type=product&#038;p=495"},"modified":"2025-08-19T12:30:34","modified_gmt":"2025-08-19T10:30:34","slug":"equerres-en-bois-personnalisables","status":"publish","type":"product","link":"https:\/\/wooded.fr\/?product=equerres-en-bois-personnalisables","title":{"rendered":"\u00c9querres en Bois Personnalisables"},"content":{"rendered":"<h2>Un Accessoire Authentique et Unique<\/h2>\n<p>D\u00e9couvrez l&#8217;ensemble de deux \u00e9querres en bois personnalisables, un produit qui marie parfaitement fonctionnalit\u00e9 et design unique. Ces \u00e9querres offrent une touche personnelle \u00e0 votre mat\u00e9riel, en permettant l&#8217;ajout de votre nom, pr\u00e9nom ou un texte de votre choix. Fabriqu\u00e9es avec soin, ces \u00e9querres en bois assurent une robustesse accrue tout en m\u00ealant esth\u00e9tique naturelle et personnalisation exceptionnelle.<\/p>\n<h2>Deux Styles, Une Singularit\u00e9<\/h2>\n<p>Ce produit comprend deux \u00e9querres distinctes : une \u00e9querre ajour\u00e9e et une \u00e9querre pleine. L&#8217;\u00e9querre ajour\u00e9e se distingue par ses d\u00e9coupes d\u00e9taill\u00e9es, apportant une touche d&#8217;\u00e9l\u00e9gance raffin\u00e9e. L&#8217;\u00e9querre pleine, quant \u00e0 elle, propose une structure solide et classique, id\u00e9ale pour un usage vari\u00e9. En combinant ces deux styles, cet ensemble rehaussant votre \u00e9quipement avec un design original et personnalis\u00e9.<\/p>\n<h2>Une Personnalisation Qui Vous Ressemble<\/h2>\n<p>Ce qui rend cet ensemble d&#8217;\u00e9querres en bois si sp\u00e9cial, c&#8217;est la possibilit\u00e9 de le personnaliser selon vos envies. Ajoutez votre nom, pr\u00e9nom ou tout autre texte qui vous tient \u00e0 c\u0153ur, et faites-en un accessoire unique adapt\u00e9 \u00e0 votre personnalit\u00e9. La gravure est r\u00e9alis\u00e9e avec pr\u00e9cision pour garantir une finition impeccable et durable.<\/p>\n<p>Que vous soyez \u00e9tudiant, artiste ou professionnel cherchant des outils qui refl\u00e8tent votre style, ces \u00e9querres en bois personnalisables sont un excellent choix. Ajoutez de la valeur \u00e0 votre quotidien avec ces accessoires pratiques, esth\u00e9tiques et personnalis\u00e9s, con\u00e7us pour durer.<\/p>\n<p>Vous souhaitez une fabrication sur mesure avec vos dimensions, vos images et votre texte ? Soumettez nous votre projet via notre page d\u00e9di\u00e9e aux &#8221;\u00a0<a href=\"https:\/\/wooded.fr\/?product_cat=creations-sur-mesure\">Cr\u00e9ations sur-mesure &#8220;<\/a>.<\/p>\n","protected":false},"excerpt":{"rendered":"<p>Ensemble de deux \u00e9querres en bois personnalisables, un produit qui marie parfaitement fonctionnalit\u00e9 et design unique. Ces \u00e9querres offrent une touche personnelle \u00e0 votre mat\u00e9riel, en permettant l&#8217;ajout de votre nom, pr\u00e9nom ou un texte de votre choix.<\/p>\n","protected":false},"featured_media":496,"comment_status":"open","ping_status":"closed","template":"","meta":{"_monsterinsights_skip_tracking":false,"_monsterinsights_sitenote_active":false,"_monsterinsights_sitenote_note":"","_monsterinsights_sitenote_category":0,"jetpack_publicize_message":"","jetpack_publicize_feature_enabled":true,"jetpack_social_post_already_shared":true,"jetpack_social_options":{"image_generator_settings":{"template":"highway","default_image_id":0,"font":"","enabled":false},"version":2}},"product_brand":[],"product_cat":[52,50],"product_tag":[53],"class_list":{"0":"post-495","1":"product","2":"type-product","3":"status-publish","4":"has-post-thumbnail","6":"product_cat-bureautique-scolaire","7":"product_cat-idees-cadeaux","8":"product_tag-perso_nom_prenom_texte","9":"product_shipping_class-petits-objets","11":"first","12":"instock","13":"shipping-taxable","14":"purchasable","15":"product-type-simple"},"aioseo_notices":[],"jetpack_publicize_connections":[],"jetpack-related-posts":[],"jetpack_sharing_enabled":true,"_links":{"self":[{"href":"https:\/\/wooded.fr\/index.php?rest_route=\/wp\/v2\/product\/495","targetHints":{"allow":["GET"]}}],"collection":[{"href":"https:\/\/wooded.fr\/index.php?rest_route=\/wp\/v2\/product"}],"about":[{"href":"https:\/\/wooded.fr\/index.php?rest_route=\/wp\/v2\/types\/product"}],"replies":[{"embeddable":true,"href":"https:\/\/wooded.fr\/index.php?rest_route=%2Fwp%2Fv2%2Fcomments&post=495"}],"wp:featuredmedia":[{"embeddable":true,"href":"https:\/\/wooded.fr\/index.php?rest_route=\/wp\/v2\/media\/496"}],"wp:attachment":[{"href":"https:\/\/wooded.fr\/index.php?rest_route=%2Fwp%2Fv2%2Fmedia&parent=495"}],"wp:term":[{"taxonomy":"product_brand","embeddable":true,"href":"https:\/\/wooded.fr\/index.php?rest_route=%2Fwp%2Fv2%2Fproduct_brand&post=495"},{"taxonomy":"product_cat","embeddable":true,"href":"https:\/\/wooded.fr\/index.php?rest_route=%2Fwp%2Fv2%2Fproduct_cat&post=495"},{"taxonomy":"product_tag","embeddable":true,"href":"https:\/\/wooded.fr\/index.php?rest_route=%2Fwp%2Fv2%2Fproduct_tag&post=495"}],"curies":[{"name":"wp","href":"https:\/\/api.w.org\/{rel}","templated":true}]}}