{"id":474,"date":"2025-08-05T00:26:05","date_gmt":"2025-08-04T22:26:05","guid":{"rendered":"https:\/\/wooded.fr\/?post_type=product&#038;p=474"},"modified":"2025-11-11T15:19:51","modified_gmt":"2025-11-11T14:19:51","slug":"boite-a-stylos-personnalisable","status":"publish","type":"product","link":"https:\/\/wooded.fr\/?product=boite-a-stylos-personnalisable","title":{"rendered":"Boite \u00e0 stylos personnalisable"},"content":{"rendered":"<h2>Un Accessoire Unique pour Ranger Vos Stylos<\/h2>\n<p>Transformez la fa\u00e7on dont vous rangez vos stylos avec notre <strong>bo\u00eete \u00e0 stylos personnalisable en bois<\/strong>. Con\u00e7ue avec soin, cette bo\u00eete allie esth\u00e9tique naturelle et praticit\u00e9 gr\u00e2ce \u00e0 son design en bois et son couvercle coulissant. Que ce soit pour vos stylos pr\u00e9f\u00e9r\u00e9s, vos instruments de dessin ou m\u00eame pour offrir un cadeau sp\u00e9cial, cette bo\u00eete incarne parfaitement l&#8217;\u00e9quilibre entre style et utilit\u00e9.<\/p>\n<h2>Personnalisation : Exprimez Votre Style<\/h2>\n<p>Offrez une touche personnelle \u00e0 votre bureau ou espace de travail gr\u00e2ce \u00e0 la personnalisation illimit\u00e9e que cette bo\u00eete offre. Gravures, motifs distinctifs ou noms peuvent \u00eatre appliqu\u00e9s \u00e0 cette <strong>bo\u00eete en bois personnalisable<\/strong> pour en faire un objet unique \u00e0 votre image. Que vous souhaitiez ajouter votre nom, un logo ou un message inspirant, cette personnalisation garantit que votre bo\u00eete sera \u00e0 la fois belle et fonctionnelle.<\/p>\n<p>Red\u00e9finissez votre espace avec style d\u00e8s aujourd&#8217;hui !\u00a0 Vous souhaitez une personnalisation &#8220;<strong>Avanc\u00e9e<\/strong>&#8221; de votre bo\u00eete ? Soumettez nous votre projet via notre page d\u00e9di\u00e9e aux &#8220;<a href=\"https:\/\/wooded.fr\/?product_cat=creations-sur-mesure\">Cr\u00e9ations sur-mesure<\/a>&#8220;.<\/p>\n","protected":false},"excerpt":{"rendered":"<p><strong>Bo\u00eete \u00e0 stylos personnalisable en bois<\/strong>. Con\u00e7ue avec soin, cette bo\u00eete allie esth\u00e9tique naturelle et praticit\u00e9 gr\u00e2ce \u00e0 son design en bois raffin\u00e9 et son m\u00e9canisme d&#8217;ouverture et fermeture par couvercle coulissant.<\/p>\n","protected":false},"featured_media":476,"comment_status":"open","ping_status":"closed","template":"","meta":{"_monsterinsights_skip_tracking":false,"_monsterinsights_sitenote_active":false,"_monsterinsights_sitenote_note":"","_monsterinsights_sitenote_category":0,"jetpack_publicize_message":"","jetpack_publicize_feature_enabled":true,"jetpack_social_post_already_shared":true,"jetpack_social_options":{"image_generator_settings":{"template":"highway","default_image_id":0,"font":"","enabled":false},"version":2}},"product_brand":[],"product_cat":[52,50],"product_tag":[53],"class_list":{"0":"post-474","1":"product","2":"type-product","3":"status-publish","4":"has-post-thumbnail","6":"product_cat-bureautique-scolaire","7":"product_cat-idees-cadeaux","8":"product_tag-perso_nom_prenom_texte","9":"product_shipping_class-gros-objets","11":"first","12":"instock","13":"shipping-taxable","14":"purchasable","15":"product-type-variable"},"aioseo_notices":[],"jetpack_publicize_connections":[],"jetpack-related-posts":[],"jetpack_sharing_enabled":true,"_links":{"self":[{"href":"https:\/\/wooded.fr\/index.php?rest_route=\/wp\/v2\/product\/474","targetHints":{"allow":["GET"]}}],"collection":[{"href":"https:\/\/wooded.fr\/index.php?rest_route=\/wp\/v2\/product"}],"about":[{"href":"https:\/\/wooded.fr\/index.php?rest_route=\/wp\/v2\/types\/product"}],"replies":[{"embeddable":true,"href":"https:\/\/wooded.fr\/index.php?rest_route=%2Fwp%2Fv2%2Fcomments&post=474"}],"wp:featuredmedia":[{"embeddable":true,"href":"https:\/\/wooded.fr\/index.php?rest_route=\/wp\/v2\/media\/476"}],"wp:attachment":[{"href":"https:\/\/wooded.fr\/index.php?rest_route=%2Fwp%2Fv2%2Fmedia&parent=474"}],"wp:term":[{"taxonomy":"product_brand","embeddable":true,"href":"https:\/\/wooded.fr\/index.php?rest_route=%2Fwp%2Fv2%2Fproduct_brand&post=474"},{"taxonomy":"product_cat","embeddable":true,"href":"https:\/\/wooded.fr\/index.php?rest_route=%2Fwp%2Fv2%2Fproduct_cat&post=474"},{"taxonomy":"product_tag","embeddable":true,"href":"https:\/\/wooded.fr\/index.php?rest_route=%2Fwp%2Fv2%2Fproduct_tag&post=474"}],"curies":[{"name":"wp","href":"https:\/\/api.w.org\/{rel}","templated":true}]}}