{"id":313,"date":"2023-11-20T13:42:28","date_gmt":"2023-11-20T12:42:28","guid":{"rendered":"https:\/\/wooded.fr\/?post_type=product&#038;p=313"},"modified":"2025-11-11T22:25:28","modified_gmt":"2025-11-11T21:25:28","slug":"boucles-doreilles-hoja","status":"publish","type":"product","link":"https:\/\/wooded.fr\/?product=boucles-doreilles-hoja","title":{"rendered":"Boucles d&#8217;oreilles en bois &#8220;Hoja&#8221;"},"content":{"rendered":"<p>Nos <strong>boucles d&#8217;oreilles en bois<\/strong> en forme de feuilles : l&#8217;alliance parfaite du charme naturel et de la l\u00e9g\u00e8ret\u00e9<strong>. <\/strong>Elles s&#8217;accompagnent d&#8217;<strong>appr\u00eats en argent 925<\/strong> argent\u00e9 (gris) et sont ainsi un bijou confortable et hypoallerg\u00e9nique.<\/p>\n<p>Elle sauront donner un c\u00f4t\u00e9 naturel et boh\u00e8me chic \u00e0 vos tenues .<\/p>\n","protected":false},"excerpt":{"rendered":"<p><strong>Boucles d&#8217;oreilles en bois<\/strong> en forme de feuilles<\/p>\n","protected":false},"featured_media":628,"comment_status":"open","ping_status":"closed","template":"","meta":{"_monsterinsights_skip_tracking":false,"_monsterinsights_sitenote_active":false,"_monsterinsights_sitenote_note":"","_monsterinsights_sitenote_category":0,"jetpack_publicize_message":"","jetpack_publicize_feature_enabled":true,"jetpack_social_post_already_shared":true,"jetpack_social_options":{"image_generator_settings":{"template":"highway","default_image_id":0,"font":"","enabled":false},"version":2}},"product_brand":[],"product_cat":[34],"product_tag":[],"class_list":{"0":"post-313","1":"product","2":"type-product","3":"status-publish","4":"has-post-thumbnail","6":"product_cat-bijoux","7":"product_shipping_class-petits-objets","9":"first","10":"instock","11":"shipping-taxable","12":"purchasable","13":"product-type-variable"},"aioseo_notices":[],"jetpack_publicize_connections":[],"jetpack-related-posts":[],"jetpack_sharing_enabled":true,"_links":{"self":[{"href":"https:\/\/wooded.fr\/index.php?rest_route=\/wp\/v2\/product\/313","targetHints":{"allow":["GET"]}}],"collection":[{"href":"https:\/\/wooded.fr\/index.php?rest_route=\/wp\/v2\/product"}],"about":[{"href":"https:\/\/wooded.fr\/index.php?rest_route=\/wp\/v2\/types\/product"}],"replies":[{"embeddable":true,"href":"https:\/\/wooded.fr\/index.php?rest_route=%2Fwp%2Fv2%2Fcomments&post=313"}],"wp:featuredmedia":[{"embeddable":true,"href":"https:\/\/wooded.fr\/index.php?rest_route=\/wp\/v2\/media\/628"}],"wp:attachment":[{"href":"https:\/\/wooded.fr\/index.php?rest_route=%2Fwp%2Fv2%2Fmedia&parent=313"}],"wp:term":[{"taxonomy":"product_brand","embeddable":true,"href":"https:\/\/wooded.fr\/index.php?rest_route=%2Fwp%2Fv2%2Fproduct_brand&post=313"},{"taxonomy":"product_cat","embeddable":true,"href":"https:\/\/wooded.fr\/index.php?rest_route=%2Fwp%2Fv2%2Fproduct_cat&post=313"},{"taxonomy":"product_tag","embeddable":true,"href":"https:\/\/wooded.fr\/index.php?rest_route=%2Fwp%2Fv2%2Fproduct_tag&post=313"}],"curies":[{"name":"wp","href":"https:\/\/api.w.org\/{rel}","templated":true}]}}