{"id":310,"date":"2023-11-20T13:23:06","date_gmt":"2023-11-20T12:23:06","guid":{"rendered":"https:\/\/wooded.fr\/?post_type=product&#038;p=310"},"modified":"2025-11-15T23:42:18","modified_gmt":"2025-11-15T22:42:18","slug":"boucles-doreilles-squares","status":"publish","type":"product","link":"https:\/\/wooded.fr\/?product=boucles-doreilles-squares","title":{"rendered":"Boucles d&#8217;oreilles pendantes &#8220;Squarefall&#8221;"},"content":{"rendered":"<p data-sourcepos=\"13:1-13:331\">Les boucles d&#8217;oreilles pendantes <strong>&#8220;Squarefall&#8221;<\/strong> sont une d\u00e9claration de style, alliant modernit\u00e9, confort et aussi respect des mat\u00e9riaux. \u00a0Offrez-vous ou \u00e0 un \u00eatre cher ces <strong>boucles d&#8217;oreilles en bois et argent<\/strong> qui captiveront les regards.<\/p>\n<p data-sourcepos=\"13:1-13:331\">La conception en bois leur conf\u00e8re une <strong>l\u00e9g\u00e8ret\u00e9 surprenante <\/strong>garantissant ainsi un confort tout au long de la journ\u00e9e. L&#8217;authenticit\u00e9 du bois apporte une touche naturelle et sophistiqu\u00e9e, parfaite pour rehausser n&#8217;importe quelle tenue.<\/p>\n<p data-sourcepos=\"19:1-19:291\">\n","protected":false},"excerpt":{"rendered":"<p>En <strong>bois plaqu\u00e9 bouleau<\/strong>, ces boucles d&#8217;oreilles pendantes se distinguent par leur motif g\u00e9om\u00e9trique captivant, inspir\u00e9 par l&#8217;\u00e9l\u00e9gance des lignes.<\/p>\n","protected":false},"featured_media":631,"comment_status":"open","ping_status":"closed","template":"","meta":{"_monsterinsights_skip_tracking":false,"_monsterinsights_sitenote_active":false,"_monsterinsights_sitenote_note":"","_monsterinsights_sitenote_category":0,"jetpack_publicize_message":"","jetpack_publicize_feature_enabled":true,"jetpack_social_post_already_shared":true,"jetpack_social_options":{"image_generator_settings":{"template":"highway","default_image_id":0,"font":"","enabled":false},"version":2}},"product_brand":[],"product_cat":[34],"product_tag":[],"class_list":{"0":"post-310","1":"product","2":"type-product","3":"status-publish","4":"has-post-thumbnail","6":"product_cat-bijoux","7":"product_shipping_class-petits-objets","9":"first","10":"instock","11":"shipping-taxable","12":"purchasable","13":"product-type-variable"},"aioseo_notices":[],"jetpack_publicize_connections":[],"jetpack-related-posts":[],"jetpack_sharing_enabled":true,"_links":{"self":[{"href":"https:\/\/wooded.fr\/index.php?rest_route=\/wp\/v2\/product\/310","targetHints":{"allow":["GET"]}}],"collection":[{"href":"https:\/\/wooded.fr\/index.php?rest_route=\/wp\/v2\/product"}],"about":[{"href":"https:\/\/wooded.fr\/index.php?rest_route=\/wp\/v2\/types\/product"}],"replies":[{"embeddable":true,"href":"https:\/\/wooded.fr\/index.php?rest_route=%2Fwp%2Fv2%2Fcomments&post=310"}],"wp:featuredmedia":[{"embeddable":true,"href":"https:\/\/wooded.fr\/index.php?rest_route=\/wp\/v2\/media\/631"}],"wp:attachment":[{"href":"https:\/\/wooded.fr\/index.php?rest_route=%2Fwp%2Fv2%2Fmedia&parent=310"}],"wp:term":[{"taxonomy":"product_brand","embeddable":true,"href":"https:\/\/wooded.fr\/index.php?rest_route=%2Fwp%2Fv2%2Fproduct_brand&post=310"},{"taxonomy":"product_cat","embeddable":true,"href":"https:\/\/wooded.fr\/index.php?rest_route=%2Fwp%2Fv2%2Fproduct_cat&post=310"},{"taxonomy":"product_tag","embeddable":true,"href":"https:\/\/wooded.fr\/index.php?rest_route=%2Fwp%2Fv2%2Fproduct_tag&post=310"}],"curies":[{"name":"wp","href":"https:\/\/api.w.org\/{rel}","templated":true}]}}