{"id":298,"date":"2023-11-19T19:56:55","date_gmt":"2023-11-19T18:56:55","guid":{"rendered":"https:\/\/wooded.fr\/?post_type=product&#038;p=298"},"modified":"2025-11-16T00:24:40","modified_gmt":"2025-11-15T23:24:40","slug":"boucle-doreilles-swan","status":"publish","type":"product","link":"https:\/\/wooded.fr\/?product=boucle-doreilles-swan","title":{"rendered":"Boucles d&#8217;oreilles en bois &#8220;Swan&#8221;"},"content":{"rendered":"<p>Ces <strong>boucles d&#8217;oreilles en bois<\/strong> arborent un <strong>superbe cygne d\u00e9coup\u00e9<\/strong> \u00e0 l&#8217;int\u00e9rieur d&#8217;un cercle ainsi le <strong>design raffin\u00e9<\/strong> de l&#8217;oiseau \u00e9voque la gr\u00e2ce et la s\u00e9r\u00e9nit\u00e9. Elles sont <strong>fabriqu\u00e9es artisanalement<\/strong>, garantissant une <strong>qualit\u00e9 exceptionnelle<\/strong>. Chaque pi\u00e8ce <strong>pr\u00e9sente un motif unique<\/strong>, captivant le regard. Vous <strong>porterez ces boucles l\u00e9g\u00e8res<\/strong> avec un grand confort. Elles <strong>apportent une touche po\u00e9tique et naturelle<\/strong> \u00e0 votre style quotidien. Ce <strong>bijou en bois original<\/strong> sublime \u00e9l\u00e9gamment votre look est donc id\u00e9al pour les amateurs de <strong>bijoux animaliers chics<\/strong>.<\/p>\n<div id=\"jp-relatedposts\" class=\"jp-relatedposts\"><\/div>\n","protected":false},"excerpt":{"rendered":"<p>Vous <strong>porterez ces boucles l\u00e9g\u00e8res<\/strong> avec un grand confort. Elles <strong>apportent une touche po\u00e9tique et naturelle<\/strong> \u00e0 votre style quotidien. Ce <strong>bijou en bois original<\/strong> sublime \u00e9l\u00e9gamment votre look. Il est id\u00e9al pour les amateurs de <strong>bijoux animaliers chics<\/strong>.<\/p>\n","protected":false},"featured_media":637,"comment_status":"open","ping_status":"closed","template":"","meta":{"_monsterinsights_skip_tracking":false,"_monsterinsights_sitenote_active":false,"_monsterinsights_sitenote_note":"","_monsterinsights_sitenote_category":0,"jetpack_publicize_message":"","jetpack_publicize_feature_enabled":true,"jetpack_social_post_already_shared":true,"jetpack_social_options":{"image_generator_settings":{"template":"highway","default_image_id":0,"font":"","enabled":false},"version":2}},"product_brand":[],"product_cat":[34],"product_tag":[],"class_list":{"0":"post-298","1":"product","2":"type-product","3":"status-publish","4":"has-post-thumbnail","6":"product_cat-bijoux","7":"product_shipping_class-petits-objets","9":"first","10":"instock","11":"shipping-taxable","12":"purchasable","13":"product-type-variable"},"aioseo_notices":[],"jetpack_publicize_connections":[],"jetpack-related-posts":[],"jetpack_sharing_enabled":true,"_links":{"self":[{"href":"https:\/\/wooded.fr\/index.php?rest_route=\/wp\/v2\/product\/298","targetHints":{"allow":["GET"]}}],"collection":[{"href":"https:\/\/wooded.fr\/index.php?rest_route=\/wp\/v2\/product"}],"about":[{"href":"https:\/\/wooded.fr\/index.php?rest_route=\/wp\/v2\/types\/product"}],"replies":[{"embeddable":true,"href":"https:\/\/wooded.fr\/index.php?rest_route=%2Fwp%2Fv2%2Fcomments&post=298"}],"wp:featuredmedia":[{"embeddable":true,"href":"https:\/\/wooded.fr\/index.php?rest_route=\/wp\/v2\/media\/637"}],"wp:attachment":[{"href":"https:\/\/wooded.fr\/index.php?rest_route=%2Fwp%2Fv2%2Fmedia&parent=298"}],"wp:term":[{"taxonomy":"product_brand","embeddable":true,"href":"https:\/\/wooded.fr\/index.php?rest_route=%2Fwp%2Fv2%2Fproduct_brand&post=298"},{"taxonomy":"product_cat","embeddable":true,"href":"https:\/\/wooded.fr\/index.php?rest_route=%2Fwp%2Fv2%2Fproduct_cat&post=298"},{"taxonomy":"product_tag","embeddable":true,"href":"https:\/\/wooded.fr\/index.php?rest_route=%2Fwp%2Fv2%2Fproduct_tag&post=298"}],"curies":[{"name":"wp","href":"https:\/\/api.w.org\/{rel}","templated":true}]}}