{"id":237,"date":"2023-11-05T18:45:20","date_gmt":"2023-11-05T17:45:20","guid":{"rendered":"https:\/\/wooded.fr\/?post_type=product&#038;p=237"},"modified":"2025-11-11T15:23:39","modified_gmt":"2025-11-11T14:23:39","slug":"boucles-doreilles-mandala","status":"publish","type":"product","link":"https:\/\/wooded.fr\/?product=boucles-doreilles-mandala","title":{"rendered":"Boucles d&#8217;Oreilles cr\u00e9oles &#8220;Mandala&#8221;"},"content":{"rendered":"<p>Ces boucles d&#8217;oreilles cr\u00e9oles <strong>mandala en bois<\/strong> sont un v\u00e9ritable enchantement. Chaque pi\u00e8ce, finement d\u00e9coup\u00e9e, <strong>r\u00e9v\u00e8le un motif harmonieux<\/strong>. Elles sont mont\u00e9es sur des <strong>crochets en argent 925<\/strong>, garantissant confort et qualit\u00e9. L\u00e9g\u00e8res et \u00e9l\u00e9gantes, elles <strong>apportent une touche boh\u00e8me<\/strong> et spirituelle \u00e0 votre look. Vous <strong>porterez facilement ces bijoux uniques<\/strong>, con\u00e7us pour embellir votre quotidien.<\/p>\n","protected":false},"excerpt":{"rendered":"<p>Mont\u00e9es sur des <strong>crochets en argent 925<\/strong>, garantissant confort et qualit\u00e9. L\u00e9g\u00e8res et \u00e9l\u00e9gantes, elles <strong>apportent une touche boh\u00e8me<\/strong> et spirituelle \u00e0 votre look. Vous <strong>porterez facilement ces bijoux uniques<\/strong>, con\u00e7us pour embellir votre quotidien.<\/p>\n","protected":false},"featured_media":613,"comment_status":"open","ping_status":"closed","template":"","meta":{"_monsterinsights_skip_tracking":false,"_monsterinsights_sitenote_active":false,"_monsterinsights_sitenote_note":"","_monsterinsights_sitenote_category":0,"jetpack_publicize_message":"","jetpack_publicize_feature_enabled":true,"jetpack_social_post_already_shared":true,"jetpack_social_options":{"image_generator_settings":{"template":"highway","default_image_id":0,"font":"","enabled":false},"version":2}},"product_brand":[],"product_cat":[34],"product_tag":[],"class_list":{"0":"post-237","1":"product","2":"type-product","3":"status-publish","4":"has-post-thumbnail","6":"product_cat-bijoux","7":"product_shipping_class-petits-objets","9":"first","10":"instock","11":"shipping-taxable","12":"purchasable","13":"product-type-variable"},"aioseo_notices":[],"jetpack_publicize_connections":[],"jetpack-related-posts":[],"jetpack_sharing_enabled":true,"_links":{"self":[{"href":"https:\/\/wooded.fr\/index.php?rest_route=\/wp\/v2\/product\/237","targetHints":{"allow":["GET"]}}],"collection":[{"href":"https:\/\/wooded.fr\/index.php?rest_route=\/wp\/v2\/product"}],"about":[{"href":"https:\/\/wooded.fr\/index.php?rest_route=\/wp\/v2\/types\/product"}],"replies":[{"embeddable":true,"href":"https:\/\/wooded.fr\/index.php?rest_route=%2Fwp%2Fv2%2Fcomments&post=237"}],"wp:featuredmedia":[{"embeddable":true,"href":"https:\/\/wooded.fr\/index.php?rest_route=\/wp\/v2\/media\/613"}],"wp:attachment":[{"href":"https:\/\/wooded.fr\/index.php?rest_route=%2Fwp%2Fv2%2Fmedia&parent=237"}],"wp:term":[{"taxonomy":"product_brand","embeddable":true,"href":"https:\/\/wooded.fr\/index.php?rest_route=%2Fwp%2Fv2%2Fproduct_brand&post=237"},{"taxonomy":"product_cat","embeddable":true,"href":"https:\/\/wooded.fr\/index.php?rest_route=%2Fwp%2Fv2%2Fproduct_cat&post=237"},{"taxonomy":"product_tag","embeddable":true,"href":"https:\/\/wooded.fr\/index.php?rest_route=%2Fwp%2Fv2%2Fproduct_tag&post=237"}],"curies":[{"name":"wp","href":"https:\/\/api.w.org\/{rel}","templated":true}]}}