{"id":218,"date":"2023-11-05T12:40:18","date_gmt":"2023-11-05T11:40:18","guid":{"rendered":"https:\/\/wooded.fr\/?post_type=product&#038;p=218"},"modified":"2025-08-19T14:00:32","modified_gmt":"2025-08-19T12:00:32","slug":"boucles-doreilles-coeur","status":"publish","type":"product","link":"https:\/\/wooded.fr\/?product=boucles-doreilles-coeur","title":{"rendered":"Boucles d&#8217;oreilles pendantes bois&#8221; heart &#8220;"},"content":{"rendered":"<p>Ces boucles d&#8217;oreilles pendantes en bois <strong>mettent en valeur votre style<\/strong>. Leur <strong>forme de goutte \u00e9l\u00e9gante<\/strong> capte le regard car nous avons <strong>d\u00e9coup\u00e9 un c\u0153ur d\u00e9licat<\/strong> en leur centre. Elles sont tr\u00e8s l\u00e9g\u00e8res et elles <strong>ajoutent une touche unique<\/strong> \u00e0 votre look quotidien. Votre tenue sera parfaitement compl\u00e9t\u00e9e avec ces boucles d&#8217;oreilles qui <strong>peuvent \u00eatre port\u00e9es facilement<\/strong>.<\/p>\n<p>&nbsp;<\/p>\n<p>&nbsp;<\/p>\n","protected":false},"excerpt":{"rendered":"<p>Ces boucles d&#8217;oreilles en bois <b>avec l<\/b>eur <strong>forme de goutte \u00e9l\u00e9gante<\/strong> qui capte le regard. \u00a0Elles sont tr\u00e8s l\u00e9g\u00e8res et elles <strong>ajoutent une touche unique<\/strong> \u00e0 votre look quotidien.<\/p>\n","protected":false},"featured_media":219,"comment_status":"open","ping_status":"closed","template":"","meta":{"_monsterinsights_skip_tracking":false,"_monsterinsights_sitenote_active":false,"_monsterinsights_sitenote_note":"","_monsterinsights_sitenote_category":0,"jetpack_publicize_message":"","jetpack_publicize_feature_enabled":true,"jetpack_social_post_already_shared":true,"jetpack_social_options":{"image_generator_settings":{"template":"highway","default_image_id":0,"font":"","enabled":false},"version":2}},"product_brand":[],"product_cat":[34],"product_tag":[],"class_list":{"0":"post-218","1":"product","2":"type-product","3":"status-publish","4":"has-post-thumbnail","6":"product_cat-bijoux","7":"product_shipping_class-petits-objets","9":"first","10":"instock","11":"shipping-taxable","12":"purchasable","13":"product-type-variable"},"aioseo_notices":[],"jetpack_publicize_connections":[],"jetpack-related-posts":[],"jetpack_sharing_enabled":true,"_links":{"self":[{"href":"https:\/\/wooded.fr\/index.php?rest_route=\/wp\/v2\/product\/218","targetHints":{"allow":["GET"]}}],"collection":[{"href":"https:\/\/wooded.fr\/index.php?rest_route=\/wp\/v2\/product"}],"about":[{"href":"https:\/\/wooded.fr\/index.php?rest_route=\/wp\/v2\/types\/product"}],"replies":[{"embeddable":true,"href":"https:\/\/wooded.fr\/index.php?rest_route=%2Fwp%2Fv2%2Fcomments&post=218"}],"wp:featuredmedia":[{"embeddable":true,"href":"https:\/\/wooded.fr\/index.php?rest_route=\/wp\/v2\/media\/219"}],"wp:attachment":[{"href":"https:\/\/wooded.fr\/index.php?rest_route=%2Fwp%2Fv2%2Fmedia&parent=218"}],"wp:term":[{"taxonomy":"product_brand","embeddable":true,"href":"https:\/\/wooded.fr\/index.php?rest_route=%2Fwp%2Fv2%2Fproduct_brand&post=218"},{"taxonomy":"product_cat","embeddable":true,"href":"https:\/\/wooded.fr\/index.php?rest_route=%2Fwp%2Fv2%2Fproduct_cat&post=218"},{"taxonomy":"product_tag","embeddable":true,"href":"https:\/\/wooded.fr\/index.php?rest_route=%2Fwp%2Fv2%2Fproduct_tag&post=218"}],"curies":[{"name":"wp","href":"https:\/\/api.w.org\/{rel}","templated":true}]}}