{"id":146,"date":"2023-10-15T18:06:27","date_gmt":"2023-10-15T16:06:27","guid":{"rendered":"https:\/\/wooded.fr\/?post_type=product&#038;p=146"},"modified":"2025-08-19T14:01:22","modified_gmt":"2025-08-19T12:01:22","slug":"boucles-doreilles-prince","status":"publish","type":"product","link":"https:\/\/wooded.fr\/?product=boucles-doreilles-prince","title":{"rendered":"Boucles d&#8217;oreilles pendantes &#8220;Love Symbol&#8221;"},"content":{"rendered":"<p data-sourcepos=\"15:1-15:249\">D\u00e9marquez-vous avec nos superbes <strong>boucles d&#8217;oreilles pendantes &#8220;love symbol&#8221;<\/strong>. Ces bijoux sont con\u00e7us pour ceux qui recherchent l&#8217;originalit\u00e9 et un design distinctif capable de capter l&#8217;attention et d&#8217;ajouter une touche myst\u00e9rieuse \u00e0 toute tenue.<\/p>\n<p data-sourcepos=\"17:1-17:351\">Chaque boucle d&#8217;oreille pr\u00e9sente une forme stylis\u00e9e et reconnaissable, compos\u00e9e d&#8217;\u00e9l\u00e9ments courbes et lin\u00e9aires qui s&#8217;entrelacent pour cr\u00e9er un <strong>symbole unique et \u00e9vocateur<\/strong>. Leur finition leur conf\u00e8re une \u00e9l\u00e9gance et une polyvalence qui les rendra compatibles avec une large gamme de styles, du d\u00e9contract\u00e9 au plus sophistiqu\u00e9.<\/p>\n","protected":false},"excerpt":{"rendered":"<p>D\u00e9marquez-vous avec nos superbes <strong>boucles d&#8217;oreilles pendantes &#8220;love symbol&#8221;<\/strong>. Ces bijoux sont con\u00e7us pour ceux qui recherchent l&#8217;originalit\u00e9 et un design distinctif capable de capter l&#8217;attention et d&#8217;ajouter une touche myst\u00e9rieuse \u00e0 toute tenue.<\/p>\n","protected":false},"featured_media":186,"comment_status":"open","ping_status":"closed","template":"","meta":{"_monsterinsights_skip_tracking":false,"_monsterinsights_sitenote_active":false,"_monsterinsights_sitenote_note":"","_monsterinsights_sitenote_category":0,"jetpack_publicize_message":"","jetpack_publicize_feature_enabled":true,"jetpack_social_post_already_shared":false,"jetpack_social_options":{"image_generator_settings":{"template":"highway","default_image_id":0,"font":"","enabled":false},"version":2}},"product_brand":[],"product_cat":[34],"product_tag":[],"class_list":{"0":"post-146","1":"product","2":"type-product","3":"status-publish","4":"has-post-thumbnail","6":"product_cat-bijoux","7":"product_shipping_class-petits-objets","9":"first","10":"instock","11":"shipping-taxable","12":"purchasable","13":"product-type-variable"},"aioseo_notices":[],"jetpack_publicize_connections":[],"jetpack-related-posts":[],"jetpack_sharing_enabled":true,"_links":{"self":[{"href":"https:\/\/wooded.fr\/index.php?rest_route=\/wp\/v2\/product\/146","targetHints":{"allow":["GET"]}}],"collection":[{"href":"https:\/\/wooded.fr\/index.php?rest_route=\/wp\/v2\/product"}],"about":[{"href":"https:\/\/wooded.fr\/index.php?rest_route=\/wp\/v2\/types\/product"}],"replies":[{"embeddable":true,"href":"https:\/\/wooded.fr\/index.php?rest_route=%2Fwp%2Fv2%2Fcomments&post=146"}],"wp:featuredmedia":[{"embeddable":true,"href":"https:\/\/wooded.fr\/index.php?rest_route=\/wp\/v2\/media\/186"}],"wp:attachment":[{"href":"https:\/\/wooded.fr\/index.php?rest_route=%2Fwp%2Fv2%2Fmedia&parent=146"}],"wp:term":[{"taxonomy":"product_brand","embeddable":true,"href":"https:\/\/wooded.fr\/index.php?rest_route=%2Fwp%2Fv2%2Fproduct_brand&post=146"},{"taxonomy":"product_cat","embeddable":true,"href":"https:\/\/wooded.fr\/index.php?rest_route=%2Fwp%2Fv2%2Fproduct_cat&post=146"},{"taxonomy":"product_tag","embeddable":true,"href":"https:\/\/wooded.fr\/index.php?rest_route=%2Fwp%2Fv2%2Fproduct_tag&post=146"}],"curies":[{"name":"wp","href":"https:\/\/api.w.org\/{rel}","templated":true}]}}