{"id":142,"date":"2023-10-15T17:50:41","date_gmt":"2023-10-15T15:50:41","guid":{"rendered":"https:\/\/wooded.fr\/?post_type=product&#038;p=142"},"modified":"2025-11-11T15:25:44","modified_gmt":"2025-11-11T14:25:44","slug":"boucles-doreilles-wheelwood","status":"publish","type":"product","link":"https:\/\/wooded.fr\/?product=boucles-doreilles-wheelwood","title":{"rendered":"Boucles d&#8217;oreilles cr\u00e9oles &#8220;Fleur de vie&#8221;"},"content":{"rendered":"<p data-sourcepos=\"15:1-15:297\">Apportez une touche d&#8217;\u00e9l\u00e9gance \u00e0 votre look avec nos magnifiques <strong>boucles d&#8217;oreilles cr\u00e9oles &#8220;Fleur de Vie&#8221;<\/strong>. Ces bijoux uniques, inspir\u00e9s de la <strong>g\u00e9om\u00e9trie sacr\u00e9e<\/strong>, sont bien plus qu&#8217;un simple accessoire. Ils sont un symbole d&#8217;harmonie, d&#8217;\u00e9quilibre et de cr\u00e9ation universelle.<\/p>\n<p data-sourcepos=\"17:1-17:447\">Chaque boucle d&#8217;oreille est m\u00e9ticuleusement d\u00e9coup\u00e9e pour reproduire le motif intemporel de la <strong>Fleur de Vie<\/strong>. R\u00e9alis\u00e9es en <strong>bois<\/strong>, elles sont incroyablement l\u00e9g\u00e8res et confortables \u00e0 porter.<\/p>\n","protected":false},"excerpt":{"rendered":"<p>Apportez une touche de spiritualit\u00e9 et d&#8217;\u00e9l\u00e9gance \u00e0 votre look avec nos magnifiques <strong>boucles d&#8217;oreilles &#8220;Fleur de Vie&#8221; <\/strong>. Ces bijoux uniques, inspir\u00e9s de la <strong>g\u00e9om\u00e9trie sacr\u00e9e<\/strong>, sont bien plus qu&#8217;un simple accessoire : ils sont un symbole d&#8217;harmonie, d&#8217;\u00e9quilibre et de cr\u00e9ation universelle.<\/p>\n","protected":false},"featured_media":601,"comment_status":"open","ping_status":"closed","template":"","meta":{"_monsterinsights_skip_tracking":false,"_monsterinsights_sitenote_active":false,"_monsterinsights_sitenote_note":"","_monsterinsights_sitenote_category":0,"jetpack_publicize_message":"","jetpack_publicize_feature_enabled":true,"jetpack_social_post_already_shared":false,"jetpack_social_options":{"image_generator_settings":{"template":"highway","default_image_id":0,"font":"","enabled":false},"version":2}},"product_brand":[],"product_cat":[34],"product_tag":[],"class_list":{"0":"post-142","1":"product","2":"type-product","3":"status-publish","4":"has-post-thumbnail","6":"product_cat-bijoux","7":"product_shipping_class-petits-objets","9":"first","10":"instock","11":"shipping-taxable","12":"purchasable","13":"product-type-variable"},"aioseo_notices":[],"jetpack_publicize_connections":[],"jetpack-related-posts":[],"jetpack_sharing_enabled":true,"_links":{"self":[{"href":"https:\/\/wooded.fr\/index.php?rest_route=\/wp\/v2\/product\/142","targetHints":{"allow":["GET"]}}],"collection":[{"href":"https:\/\/wooded.fr\/index.php?rest_route=\/wp\/v2\/product"}],"about":[{"href":"https:\/\/wooded.fr\/index.php?rest_route=\/wp\/v2\/types\/product"}],"replies":[{"embeddable":true,"href":"https:\/\/wooded.fr\/index.php?rest_route=%2Fwp%2Fv2%2Fcomments&post=142"}],"wp:featuredmedia":[{"embeddable":true,"href":"https:\/\/wooded.fr\/index.php?rest_route=\/wp\/v2\/media\/601"}],"wp:attachment":[{"href":"https:\/\/wooded.fr\/index.php?rest_route=%2Fwp%2Fv2%2Fmedia&parent=142"}],"wp:term":[{"taxonomy":"product_brand","embeddable":true,"href":"https:\/\/wooded.fr\/index.php?rest_route=%2Fwp%2Fv2%2Fproduct_brand&post=142"},{"taxonomy":"product_cat","embeddable":true,"href":"https:\/\/wooded.fr\/index.php?rest_route=%2Fwp%2Fv2%2Fproduct_cat&post=142"},{"taxonomy":"product_tag","embeddable":true,"href":"https:\/\/wooded.fr\/index.php?rest_route=%2Fwp%2Fv2%2Fproduct_tag&post=142"}],"curies":[{"name":"wp","href":"https:\/\/api.w.org\/{rel}","templated":true}]}}