{"id":131,"date":"2023-10-14T19:45:45","date_gmt":"2023-10-14T17:45:45","guid":{"rendered":"https:\/\/wooded.fr\/?post_type=product&#038;p=131"},"modified":"2025-08-19T14:03:02","modified_gmt":"2025-08-19T12:03:02","slug":"boucles-doreilles-snorky","status":"publish","type":"product","link":"https:\/\/wooded.fr\/?product=boucles-doreilles-snorky","title":{"rendered":"Boucles d&#8217;oreilles pendantes &#8220;Snorky&#8221;"},"content":{"rendered":"<p>D\u00e9couvrez nos superbes boucles d&#8217;oreilles pendantes en forme d&#8217;hippocampe. Parfaites pour les amoureuses de la mer et les styles boh\u00e8mes chic. L\u00e9g\u00e8res et confortables, elles sont donc id\u00e9ales pour un cadeau unique. Achetez vos cr\u00e9oles hippocampe d\u00e8s maintenant !<\/p>\n","protected":false},"excerpt":{"rendered":"<p>D\u00e9couvrez nos superbes boucles d&#8217;oreilles pendantes en forme d&#8217;hippocampe. Parfaites pour les amoureuses de la mer et les styles boh\u00e8mes chic. L\u00e9g\u00e8res et confortables, id\u00e9ales pour un cadeau unique. Achetez vos cr\u00e9oles hippocampe d\u00e8s maintenant !<\/p>\n","protected":false},"featured_media":211,"comment_status":"open","ping_status":"closed","template":"","meta":{"_monsterinsights_skip_tracking":false,"_monsterinsights_sitenote_active":false,"_monsterinsights_sitenote_note":"","_monsterinsights_sitenote_category":0,"jetpack_publicize_message":"","jetpack_publicize_feature_enabled":true,"jetpack_social_post_already_shared":false,"jetpack_social_options":{"image_generator_settings":{"template":"highway","default_image_id":0,"font":"","enabled":false},"version":2}},"product_brand":[],"product_cat":[34],"product_tag":[],"class_list":{"0":"post-131","1":"product","2":"type-product","3":"status-publish","4":"has-post-thumbnail","6":"product_cat-bijoux","7":"product_shipping_class-petits-objets","9":"first","10":"instock","11":"shipping-taxable","12":"purchasable","13":"product-type-variable"},"aioseo_notices":[],"jetpack_publicize_connections":[],"jetpack-related-posts":[],"jetpack_sharing_enabled":true,"_links":{"self":[{"href":"https:\/\/wooded.fr\/index.php?rest_route=\/wp\/v2\/product\/131","targetHints":{"allow":["GET"]}}],"collection":[{"href":"https:\/\/wooded.fr\/index.php?rest_route=\/wp\/v2\/product"}],"about":[{"href":"https:\/\/wooded.fr\/index.php?rest_route=\/wp\/v2\/types\/product"}],"replies":[{"embeddable":true,"href":"https:\/\/wooded.fr\/index.php?rest_route=%2Fwp%2Fv2%2Fcomments&post=131"}],"wp:featuredmedia":[{"embeddable":true,"href":"https:\/\/wooded.fr\/index.php?rest_route=\/wp\/v2\/media\/211"}],"wp:attachment":[{"href":"https:\/\/wooded.fr\/index.php?rest_route=%2Fwp%2Fv2%2Fmedia&parent=131"}],"wp:term":[{"taxonomy":"product_brand","embeddable":true,"href":"https:\/\/wooded.fr\/index.php?rest_route=%2Fwp%2Fv2%2Fproduct_brand&post=131"},{"taxonomy":"product_cat","embeddable":true,"href":"https:\/\/wooded.fr\/index.php?rest_route=%2Fwp%2Fv2%2Fproduct_cat&post=131"},{"taxonomy":"product_tag","embeddable":true,"href":"https:\/\/wooded.fr\/index.php?rest_route=%2Fwp%2Fv2%2Fproduct_tag&post=131"}],"curies":[{"name":"wp","href":"https:\/\/api.w.org\/{rel}","templated":true}]}}