{"id":120,"date":"2023-10-13T08:24:40","date_gmt":"2023-10-13T06:24:40","guid":{"rendered":"https:\/\/wooded.fr\/?post_type=product&#038;p=120"},"modified":"2025-08-19T14:04:03","modified_gmt":"2025-08-19T12:04:03","slug":"boucles-doreilles-circles","status":"publish","type":"product","link":"https:\/\/wooded.fr\/?product=boucles-doreilles-circles","title":{"rendered":"Boucles d&#8217;oreilles pendantes&#8221;Circles&#8221;"},"content":{"rendered":"<p>Ajoutez une touche de sophistication \u00e9clatante \u00e0 votre look avec nos <strong>boucles d&#8217;oreilles pendantes \u00e0 disques<\/strong>.<\/p>\n<p>Con\u00e7ues \u00e0 partir de bois l\u00e9ger ces boucles d&#8217;oreilles modernes sont parfaites pour illuminer votre visage. Mais aussi compl\u00e9ter vos tenues avec une \u00e9l\u00e9gance discr\u00e8te mais remarqu\u00e9e.<\/p>\n<p>Un cadeau id\u00e9al pour les amatrices de bijoux contemporains et l\u00e9gers. Offrez-les pour un anniversaire, la f\u00eate des m\u00e8res, ou toute autre occasion o\u00f9 vous souhaitez faire plaisir avec \u00e9l\u00e9gance.<\/p>\n","protected":false},"excerpt":{"rendered":"<p>Illuminez votre style avec ces <strong>boucles d&#8217;oreilles pendantes en bois l\u00e9gers<\/strong>. Un accessoire indispensable pour celles qui recherchent l&#8217;alliance parfaite entre design moderne, confort et \u00e9clat.<\/p>\n","protected":false},"featured_media":251,"comment_status":"open","ping_status":"closed","template":"","meta":{"_monsterinsights_skip_tracking":false,"_monsterinsights_sitenote_active":false,"_monsterinsights_sitenote_note":"","_monsterinsights_sitenote_category":0,"jetpack_publicize_message":"","jetpack_publicize_feature_enabled":true,"jetpack_social_post_already_shared":true,"jetpack_social_options":{"image_generator_settings":{"template":"highway","default_image_id":0,"font":"","enabled":false},"version":2}},"product_brand":[],"product_cat":[34],"product_tag":[],"class_list":{"0":"post-120","1":"product","2":"type-product","3":"status-publish","4":"has-post-thumbnail","6":"product_cat-bijoux","7":"product_shipping_class-petits-objets","9":"first","10":"instock","11":"shipping-taxable","12":"purchasable","13":"product-type-variable"},"aioseo_notices":[],"jetpack_publicize_connections":[],"jetpack-related-posts":[],"jetpack_sharing_enabled":true,"_links":{"self":[{"href":"https:\/\/wooded.fr\/index.php?rest_route=\/wp\/v2\/product\/120","targetHints":{"allow":["GET"]}}],"collection":[{"href":"https:\/\/wooded.fr\/index.php?rest_route=\/wp\/v2\/product"}],"about":[{"href":"https:\/\/wooded.fr\/index.php?rest_route=\/wp\/v2\/types\/product"}],"replies":[{"embeddable":true,"href":"https:\/\/wooded.fr\/index.php?rest_route=%2Fwp%2Fv2%2Fcomments&post=120"}],"wp:featuredmedia":[{"embeddable":true,"href":"https:\/\/wooded.fr\/index.php?rest_route=\/wp\/v2\/media\/251"}],"wp:attachment":[{"href":"https:\/\/wooded.fr\/index.php?rest_route=%2Fwp%2Fv2%2Fmedia&parent=120"}],"wp:term":[{"taxonomy":"product_brand","embeddable":true,"href":"https:\/\/wooded.fr\/index.php?rest_route=%2Fwp%2Fv2%2Fproduct_brand&post=120"},{"taxonomy":"product_cat","embeddable":true,"href":"https:\/\/wooded.fr\/index.php?rest_route=%2Fwp%2Fv2%2Fproduct_cat&post=120"},{"taxonomy":"product_tag","embeddable":true,"href":"https:\/\/wooded.fr\/index.php?rest_route=%2Fwp%2Fv2%2Fproduct_tag&post=120"}],"curies":[{"name":"wp","href":"https:\/\/api.w.org\/{rel}","templated":true}]}}